{"id":3649,"date":"2023-07-12T14:25:32","date_gmt":"2023-07-12T20:25:32","guid":{"rendered":"https:\/\/club.confidencial.digital\/?page_id=3649"},"modified":"2023-07-15T07:28:40","modified_gmt":"2023-07-15T13:28:40","slug":"terms-and-conditions","status":"publish","type":"page","link":"https:\/\/club.confidencial.digital\/en\/terms-and-conditions\/","title":{"rendered":"Terms and conditions"},"content":{"rendered":"\n<p>Los presentes T\u00e9rminos y Condiciones regulan la relaci\u00f3n entre CONFIDENCIAL y los miembros amigos, miembros aliados, donantes individuales y cualquier lector que visite club.confidencial.digital, a quienes de ahora adelante llamaremos\u201cusuarios\u201d.<\/p>\n\n\n\n<ol class=\"wp-block-list\" type=\"1\" start=\"1\">\n<li>Club.confidencial.digital es un sitio web manejado por CONFIDENCIAL, un medio de comunicaci\u00f3n independiente, nicarag\u00fcense, que opera en el exilio.<br>&nbsp;<\/li>\n\n\n\n<li>Club.confidencial.digital fue creado para promover el Programa de Membres\u00eda de CONFIDENCIAL y los productos que \u00e9ste brinda fuera y dentro de su muro de pago, dependiendo de la modalidad en que el usuario desee navegar (adquiriendo una membres\u00eda, donando o como usuario no registrado).&nbsp;<br><br><\/li>\n\n\n\n<li>La navegaci\u00f3n en club.confidencial.digital implica que usted declara tener la mayor\u00eda de edad en su pa\u00eds o provincia de residencia, as\u00ed como la aceptaci\u00f3n de todas las condiciones inclu\u00eddas en este documento y en nuestra Pol\u00edtica de Privacidad. Invitamos a los usuarios a leer estas condiciones cada vez que visiten nuestro sitio web, ya que podr\u00edan ser modificadas en lo sucesivo.<br><br><\/li>\n\n\n\n<li>\u00danicamente los usuarios que cuentan con una membres\u00eda de amigo (gratuita) o membres\u00eda de aliado (de pago) podr\u00e1n acceder y descargar los PDFs alojados en el archivo digital de la revista impresa de CONFIDENCIAL y el archivo de coleccionables (eBooks). Los donantes individuales y lectores no registrados no tendr\u00e1n acceso a estos materiales, pues no forman parte del Programa de Membres\u00eda.<br><br><\/li>\n\n\n\n<li>Los miembros amigos, miembros aliados, donantes y cualquier otro usuario que visite club.confidencial.digital podr\u00e1 leer el contenido p\u00fablico del sitio, es decir, el que est\u00e1 fuera del muro de pago. Una vez que se registre, podr\u00e1 acceder al contenido que est\u00e1 dentro del muro de pago.&nbsp;<br><br><\/li>\n\n\n\n<li>Solamente los miembros aliados y donantes realizar\u00e1n transacciones voluntarias en club.confidencial.digital, al seguir el proceso de registro en nuestro sitio y utilizar las pasarelas de pago de TiloPay y PayPal, para enviar los aportes econ\u00f3micos descritos en las diferentes modalidades de apoyo a CONFIDENCIAL. Al realizar transacciones, los usuarios est\u00e1n aceptando las condiciones de pago de nuestra plataforma, y de las pasarelas de pago que utilizamos para procesar las transacciones.<br><br><\/li>\n\n\n\n<li>Nos reservamos el derecho de rechazar cualquier pedido que un usuario realice a trav\u00e9s de club.confidencial.digital. Podemos, a nuestro exclusivo criterio, limitar o cancelar las cantidades compradas por persona, por hogar o por pedido. Estas restricciones pueden incluir pedidos realizados por o bajo la misma cuenta de cliente, la misma tarjeta de cr\u00e9dito y\/o pedidos que utilizan la misma direcci\u00f3n de facturaci\u00f3n y\/o env\u00edo.<br><br>En el caso de que hagamos un cambio o cancelemos un pedido, lo notificaremos al correo electr\u00f3nico proporcionado en el momento en que se realiz\u00f3 la transacci\u00f3n. Nos reservamos el derecho de limitar o prohibir pedidos que, a nuestro exclusivo criterio, parezcan realizados por comerciantes, revendedores o distribuidores.<\/li>\n<\/ol>\n\n\n\n<ol class=\"wp-block-list\" type=\"1\" start=\"8\">\n<li>El usuario acepta proporcionar informaci\u00f3n de compra y cuenta actual, completa y precisa para todas las compras realizadas en club.confidencial.digital. Tambi\u00e9n, acepta actualizar de inmediato su cuenta y otra informaci\u00f3n, incluida su direcci\u00f3n de correo electr\u00f3nico y n\u00fameros de tarjeta de cr\u00e9dito y fechas de vencimiento, para que podamos completar las transacciones y comunicarnos con el usuario, seg\u00fan sea necesario. Al no completar dicha informaci\u00f3n, ser\u00e1 imposible comunicarnos con su persona y cumplir con el env\u00edo de los beneficios de la membres\u00eda.<br><br><\/li>\n\n\n\n<li>CONFIDENCIAL recopilar\u00e1 estad\u00edsticas an\u00f3nimas estrictamente para uso interno, de inter\u00e9s editorial y de las \u00e1reas gerenciales, con el fin \u00fanico de mejorar los productos que nuestro equipo period\u00edstico desarrolla, para poner a disposici\u00f3n de miembros amigos, miembros aliados, donantes y usuarios no registrados en club.confidencial.digital.<br><br><\/li>\n\n\n\n<li>CONFIDENCIAL est\u00e1 comprometido con la protecci\u00f3n de la informaci\u00f3n personal de nuestros miembros amigos, miembros aliados y donantes, por lo que ha desarrollado un sitio web (club.confidencial.digital) que garantiza la seguridad de estos datos, as\u00ed como el anonimato. Les invitamos a consultar nuestra <a href=\"https:\/\/club.confidencial.digital\/politica-privacidad\/\">Pol\u00edtica de Privacidad<\/a> para leer mayores detalles sobre c\u00f3mo manejamos los datos recolectados por el sitio web a nivel interno.<br><br><\/li>\n\n\n\n<li>Para compartir el contenido editorial que muestra la parte p\u00fablica de nuestro sitio (art\u00edculos del panel de opini\u00f3n, entre otros), se debe enviar una solicitud al correo <a href=\"mailto:membresia@confidencial.com.ni\">membresia@confidencial.com.ni<\/a>. Se debe describir el uso que se le dar\u00e1 a la informaci\u00f3n, c\u00f3mo se compartir\u00e1 con otras audiencias, bajo qu\u00e9 formatos, entre otros detalles. Si la solicitud es rechazada, no se poder\u00e1 utilizar el contenido para los fines descritos. Si es aprobada, deber\u00e1 detallar la fuente a la que pertenece (CONFIDENCIAL) y agregar un hiperlink al sitio web donde fue originalmente publicada: club.confidencial.digital o confidencial.digital.<br><br><\/li>\n\n\n\n<li>Queda estrictamente prohibido alterar o modificar alguna parte del sitio web o del contenido que en \u00e9l se publica, as\u00ed como tratar de desactivar cualquier funci\u00f3n de seguridad, o utilizar los contenidos que est\u00e1n fuera y dentro del paywall de club.confidencial.digital para fines comerciales o sin permiso expreso de CONFIDENCIAL.<br><br><\/li>\n\n\n\n<li>El sitio web y sus contenidos (textos, im\u00e1genes, gr\u00e1ficos, tecnolog\u00eda, software, enlaces, artes gr\u00e1ficos, l\u00ednea gr\u00e1fica, c\u00f3digo fuente, entre otros), as\u00ed como el branding y dem\u00e1s elementos que forman parte de la marca de CONFIDENCIAL y del Programa de Membres\u00eda de CONFIDENCIAL, son propiedad intelectual de CONFIDENCIAL.<br><br>El usuario deber\u00e1 abstenerse de:<br><br>a) Reproducir, copiar, distribuir, poner a disposici\u00f3n de terceros, comunicar p\u00fablicamente, transformar o modificar el sitio web o sus contenidos, salvo en los casos expresamente autorizados pro CONFIDENCIAL.<br><br>b) Reproducir o copiar para uso privado el sitio web o sus contenidos, as\u00ed como comunicarlos p\u00fablicamente o ponerlos a disposici\u00f3n de terceros cuando ello conlleve su reproducci\u00f3n.<br><br>c) Extraer o reutilizar todo o parte sustancial de los contenidos integrantes del sitio web.<\/li>\n<\/ol>\n\n\n\n<ol class=\"wp-block-list\" type=\"1\" start=\"14\">\n<li>CONFIDENCIAL puede modificar las Condiciones de Uso en cualquier momento sin comunicar previamente a los usuarios, aunque procurar\u00e1 hacerlo (aunque no est\u00e1 obligado) a trav\u00e9s de env\u00edos institucionales. Para recibir dichas comunicaciones, ser\u00e1 obligaci\u00f3n del usuaro estar suscrito a los boletines informativos que son beneficio del Programa de Membres\u00eda de CONFIDENCIAL.<br><br>La navegaci\u00f3n en club.confidencial.digital, posterior a los cambios anunciados o no anunciados en los T\u00e9rminos y Condiciones, supone la aceptaci\u00f3n de dichas modificaciones.<br><br><\/li>\n\n\n\n<li>El usuario se compromete a hacer uso correcto del sitio web, teniendo en consideraci\u00f3n los T\u00e9rminos y Condiciones, as\u00ed como la Pol\u00edtica de Privacidad de CONFIDENCIAL. El usuario responder\u00e1 ante CONFIDENCIAL y terceros, en caso de que haya da\u00f1os y perjuicios por el incumplimiento de dichas obligaciones.<br><br><\/li>\n<\/ol>\n","protected":false},"excerpt":{"rendered":"<p>Los presentes T\u00e9rminos y Condiciones regulan la relaci\u00f3n entre CONFIDENCIAL y los miembros amigos, miembros aliados, donantes individuales y cualquier lector que visite club.confidencial.digital, a quienes de ahora adelante llamaremos\u201cusuarios\u201d.<\/p>\n","protected":false},"author":1,"featured_media":0,"parent":0,"menu_order":0,"comment_status":"closed","ping_status":"closed","template":"","meta":{"_acf_changed":false,"footnotes":""},"class_list":["post-3649","page","type-page","status-publish","hentry"],"acf":[],"yoast_head":"<!-- This site is optimized with the Yoast SEO Premium plugin v26.0 (Yoast SEO v26.0) - https:\/\/yoast.com\/wordpress\/plugins\/seo\/ -->\n<title>Terms and conditions - Confidencial Club<\/title>\n<meta name=\"robots\" content=\"index, follow, max-snippet:-1, max-image-preview:large, max-video-preview:-1\" \/>\n<link rel=\"canonical\" href=\"https:\/\/club.confidencial.digital\/en\/terms-and-conditions\/\" \/>\n<meta property=\"og:locale\" content=\"en_US\" \/>\n<meta property=\"og:type\" content=\"article\" \/>\n<meta property=\"og:title\" content=\"Terms and conditions\" \/>\n<meta property=\"og:description\" content=\"Los presentes T\u00e9rminos y Condiciones regulan la relaci\u00f3n entre CONFIDENCIAL y los miembros amigos, miembros aliados, donantes individuales y cualquier lector que visite club.confidencial.digital, a quienes de ahora adelante llamaremos\u201cusuarios\u201d.\" \/>\n<meta property=\"og:url\" content=\"https:\/\/club.confidencial.digital\/en\/terms-and-conditions\/\" \/>\n<meta property=\"og:site_name\" content=\"Confidencial Club\" \/>\n<meta property=\"article:modified_time\" content=\"2023-07-15T13:28:40+00:00\" \/>\n<meta name=\"twitter:card\" content=\"summary_large_image\" \/>\n<meta name=\"twitter:label1\" content=\"Est. reading time\" \/>\n\t<meta name=\"twitter:data1\" content=\"6 minutes\" \/>\n<script type=\"application\/ld+json\" class=\"yoast-schema-graph\">{\"@context\":\"https:\/\/schema.org\",\"@graph\":[{\"@type\":\"WebPage\",\"@id\":\"https:\/\/club.confidencial.digital\/en\/terms-and-conditions\/\",\"url\":\"https:\/\/club.confidencial.digital\/en\/terms-and-conditions\/\",\"name\":\"Terms and conditions - Confidencial Club\",\"isPartOf\":{\"@id\":\"https:\/\/club.confidencial.digital\/#website\"},\"datePublished\":\"2023-07-12T20:25:32+00:00\",\"dateModified\":\"2023-07-15T13:28:40+00:00\",\"breadcrumb\":{\"@id\":\"https:\/\/club.confidencial.digital\/en\/terms-and-conditions\/#breadcrumb\"},\"inLanguage\":\"en-US\",\"potentialAction\":[{\"@type\":\"ReadAction\",\"target\":[\"https:\/\/club.confidencial.digital\/en\/terms-and-conditions\/\"]}]},{\"@type\":\"BreadcrumbList\",\"@id\":\"https:\/\/club.confidencial.digital\/en\/terms-and-conditions\/#breadcrumb\",\"itemListElement\":[{\"@type\":\"ListItem\",\"position\":1,\"name\":\"Portada\",\"item\":\"https:\/\/club.confidencial.digital\/en\/\"},{\"@type\":\"ListItem\",\"position\":2,\"name\":\"Terms and conditions\"}]},{\"@type\":\"WebSite\",\"@id\":\"https:\/\/club.confidencial.digital\/#website\",\"url\":\"https:\/\/club.confidencial.digital\/\",\"name\":\"Confidencial Club\",\"description\":\"\",\"potentialAction\":[{\"@type\":\"SearchAction\",\"target\":{\"@type\":\"EntryPoint\",\"urlTemplate\":\"https:\/\/club.confidencial.digital\/?s={search_term_string}\"},\"query-input\":{\"@type\":\"PropertyValueSpecification\",\"valueRequired\":true,\"valueName\":\"search_term_string\"}}],\"inLanguage\":\"en-US\"}]}<\/script>\n<!-- \/ Yoast SEO Premium plugin. -->","yoast_head_json":{"title":"Terms and conditions - Confidencial Club","robots":{"index":"index","follow":"follow","max-snippet":"max-snippet:-1","max-image-preview":"max-image-preview:large","max-video-preview":"max-video-preview:-1"},"canonical":"https:\/\/club.confidencial.digital\/en\/terms-and-conditions\/","og_locale":"en_US","og_type":"article","og_title":"Terms and conditions","og_description":"Los presentes T\u00e9rminos y Condiciones regulan la relaci\u00f3n entre CONFIDENCIAL y los miembros amigos, miembros aliados, donantes individuales y cualquier lector que visite club.confidencial.digital, a quienes de ahora adelante llamaremos\u201cusuarios\u201d.","og_url":"https:\/\/club.confidencial.digital\/en\/terms-and-conditions\/","og_site_name":"Confidencial Club","article_modified_time":"2023-07-15T13:28:40+00:00","twitter_card":"summary_large_image","twitter_misc":{"Est. reading time":"6 minutes"},"schema":{"@context":"https:\/\/schema.org","@graph":[{"@type":"WebPage","@id":"https:\/\/club.confidencial.digital\/en\/terms-and-conditions\/","url":"https:\/\/club.confidencial.digital\/en\/terms-and-conditions\/","name":"Terms and conditions - Confidencial Club","isPartOf":{"@id":"https:\/\/club.confidencial.digital\/#website"},"datePublished":"2023-07-12T20:25:32+00:00","dateModified":"2023-07-15T13:28:40+00:00","breadcrumb":{"@id":"https:\/\/club.confidencial.digital\/en\/terms-and-conditions\/#breadcrumb"},"inLanguage":"en-US","potentialAction":[{"@type":"ReadAction","target":["https:\/\/club.confidencial.digital\/en\/terms-and-conditions\/"]}]},{"@type":"BreadcrumbList","@id":"https:\/\/club.confidencial.digital\/en\/terms-and-conditions\/#breadcrumb","itemListElement":[{"@type":"ListItem","position":1,"name":"Portada","item":"https:\/\/club.confidencial.digital\/en\/"},{"@type":"ListItem","position":2,"name":"Terms and conditions"}]},{"@type":"WebSite","@id":"https:\/\/club.confidencial.digital\/#website","url":"https:\/\/club.confidencial.digital\/","name":"Confidencial Club","description":"","potentialAction":[{"@type":"SearchAction","target":{"@type":"EntryPoint","urlTemplate":"https:\/\/club.confidencial.digital\/?s={search_term_string}"},"query-input":{"@type":"PropertyValueSpecification","valueRequired":true,"valueName":"search_term_string"}}],"inLanguage":"en-US"}]}},"_links":{"self":[{"href":"https:\/\/club.confidencial.digital\/en\/wp-json\/wp\/v2\/pages\/3649","targetHints":{"allow":["GET"]}}],"collection":[{"href":"https:\/\/club.confidencial.digital\/en\/wp-json\/wp\/v2\/pages"}],"about":[{"href":"https:\/\/club.confidencial.digital\/en\/wp-json\/wp\/v2\/types\/page"}],"author":[{"embeddable":true,"href":"https:\/\/club.confidencial.digital\/en\/wp-json\/wp\/v2\/users\/1"}],"replies":[{"embeddable":true,"href":"https:\/\/club.confidencial.digital\/en\/wp-json\/wp\/v2\/comments?post=3649"}],"version-history":[{"count":0,"href":"https:\/\/club.confidencial.digital\/en\/wp-json\/wp\/v2\/pages\/3649\/revisions"}],"wp:attachment":[{"href":"https:\/\/club.confidencial.digital\/en\/wp-json\/wp\/v2\/media?parent=3649"}],"curies":[{"name":"wp","href":"https:\/\/api.w.org\/{rel}","templated":true}]}}